{"id":16589,"date":"2025-12-10T01:21:40","date_gmt":"2025-12-10T00:21:40","guid":{"rendered":"https:\/\/woodx-supply.com\/?post_type=product&#038;p=16589"},"modified":"2025-12-10T01:22:07","modified_gmt":"2025-12-10T00:22:07","slug":"halbe-palette-kammergetrocknetes-gespalten-birken-esche-brennholz-mischfeuerholz-25cm","status":"publish","type":"product","link":"https:\/\/woodx-supply.com\/index.php\/produit\/halbe-palette-kammergetrocknetes-gespalten-birken-esche-brennholz-mischfeuerholz-25cm\/","title":{"rendered":"Halbe palette kammergetrocknetes gespalten Birken\/Esche Brennholz mischfeuerholz 25cm"},"content":{"rendered":"<h1 class=\"h3 text-base lg:text-lg font-semibold mb-3\">Beschreibung<\/h1>\n<div class=\"product-description read-more-content max-lines-8\" data-initiated=\"true\">Entdecken Sie unsere einzigartige Mischung aus Hart- und Weichh\u00f6lzern, die sich f\u00fcr fast jeden Ofen eignet! Mit dieser Brennstoffmischung k\u00f6nnen Sie das Beste aus Ihrem Ofen herausholen und ein stimmungsvolles und effizientes Feuererlebnis genie\u00dfen. Sobald der Ofen sch\u00f6n hei\u00df ist, wechseln Sie zu Aschenholz. Aschenholz erzeugt eine kr\u00e4ftige, lang anhaltende Flamme, die Sie den ganzen Abend \u00fcber warm h\u00e4lt. Genie\u00dfen Sie die sch\u00f6nen Flammen und lassen Sie die Gem\u00fctlichkeit weitergehen. Und am Ende des Abends, wenn Sie die W\u00e4rme noch eine Weile behalten wollen, werfen Sie einfach noch etwas Birkenholz nach. So wird sichergestellt, dass das gesamte Holz vollst\u00e4ndig verbrennt, ohne dass ein St\u00fcckchen Holz noch lange schwelt.<\/div>\n<h2 data-initiated=\"true\"><\/h2>\n<div data-initiated=\"true\">\n<h2 class=\"h3 text-black text-lg font-semibold leading-5 lg:text-[28px] lg:font-semibold lg:leading-8 mb-4\">Alle Spezifikationen<\/h2>\n<div id=\"product-attributes\">\n<table class=\"additional-attributes w-full text-xs md:text-sm border border-gray-300\">\n<tbody>\n<tr class=\"spec even:bg-[#F3F3F3]\">\n<td class=\"spec-label m-0 p-3 flex justify-between items-center\">SKU<\/td>\n<td class=\"spec-value p-3 text-right\">GE13600<\/td>\n<\/tr>\n<tr class=\"spec even:bg-[#F3F3F3]\">\n<td class=\"spec-label m-0 p-3 flex justify-between items-center\">Marke<\/td>\n<td class=\"spec-value p-3 text-right\">Eigenmarke<\/td>\n<\/tr>\n<tr class=\"spec even:bg-[#F3F3F3]\">\n<td class=\"spec-label m-0 p-3 flex justify-between items-center\">Afmeting (H x B x L)<\/td>\n<td class=\"spec-value p-3 text-right\">120 cm x 120 cm x 80 cm<\/td>\n<\/tr>\n<tr class=\"spec even:bg-[#F3F3F3]\">\n<td class=\"spec-label m-0 p-3 flex justify-between items-center\">H\u00f6he<\/td>\n<td class=\"spec-value p-3 text-right\">120 cm<\/td>\n<\/tr>\n<tr class=\"spec even:bg-[#F3F3F3]\">\n<td class=\"spec-label m-0 p-3 flex justify-between items-center\">Breedte (cm)<\/td>\n<td class=\"spec-value p-3 text-right\">120 cm<\/td>\n<\/tr>\n<tr class=\"spec even:bg-[#F3F3F3]\">\n<td class=\"spec-label m-0 p-3 flex justify-between items-center\">L\u00e4nge<\/td>\n<td class=\"spec-value p-3 text-right\">80 cm<\/td>\n<\/tr>\n<tr class=\"spec even:bg-[#F3F3F3]\">\n<td class=\"spec-label m-0 p-3 flex justify-between items-center\">Gewicht<\/td>\n<td class=\"spec-value p-3 text-right\">450 kg<\/td>\n<\/tr>\n<tr class=\"spec even:bg-[#F3F3F3]\">\n<td class=\"spec-label m-0 p-3 flex justify-between items-center\">Soort<\/td>\n<td class=\"spec-value p-3 text-right\">Mischfeuerholz<\/td>\n<\/tr>\n<tr class=\"spec even:bg-[#F3F3F3]\">\n<td class=\"spec-label m-0 p-3 flex justify-between items-center\">Restfeuchte<\/td>\n<td class=\"spec-value p-3 text-right\">&lt; 20%<\/td>\n<\/tr>\n<tr class=\"spec even:bg-[#F3F3F3]\">\n<td class=\"spec-label m-0 p-3 flex justify-between items-center\">Scheitl\u00e4nge<\/td>\n<td class=\"spec-value p-3 text-right\">25 cm<\/td>\n<\/tr>\n<tr class=\"spec even:bg-[#F3F3F3]\">\n<td class=\"spec-label m-0 p-3 flex justify-between items-center\">Abschnitt<\/td>\n<td class=\"spec-value p-3 text-right\">8 tot 15 cm<\/td>\n<\/tr>\n<\/tbody>\n<\/table>\n<\/div>\n<\/div>\n<div data-initiated=\"true\"><\/div>\n","protected":false},"excerpt":{"rendered":"<p>Beschreibung Entdecken Sie unsere einzigartige Mischung aus Hart- und Weichh\u00f6lzern, die sich f\u00fcr fast jeden Ofen eignet! Mit dieser Brennstoffmischung<\/p>\n","protected":false},"featured_media":16690,"comment_status":"open","ping_status":"closed","template":"","meta":[],"product_brand":[],"product_cat":[225],"product_tag":[],"class_list":{"0":"post-16589","1":"product","2":"type-product","3":"status-publish","4":"has-post-thumbnail","6":"product_cat-esche-brennholz","8":"first","9":"instock","10":"shipping-taxable","11":"purchasable","12":"product-type-simple"},"jetpack_sharing_enabled":true,"_links":{"self":[{"href":"https:\/\/woodx-supply.com\/index.php\/wp-json\/wp\/v2\/product\/16589","targetHints":{"allow":["GET"]}}],"collection":[{"href":"https:\/\/woodx-supply.com\/index.php\/wp-json\/wp\/v2\/product"}],"about":[{"href":"https:\/\/woodx-supply.com\/index.php\/wp-json\/wp\/v2\/types\/product"}],"replies":[{"embeddable":true,"href":"https:\/\/woodx-supply.com\/index.php\/wp-json\/wp\/v2\/comments?post=16589"}],"version-history":[{"count":1,"href":"https:\/\/woodx-supply.com\/index.php\/wp-json\/wp\/v2\/product\/16589\/revisions"}],"predecessor-version":[{"id":16691,"href":"https:\/\/woodx-supply.com\/index.php\/wp-json\/wp\/v2\/product\/16589\/revisions\/16691"}],"wp:featuredmedia":[{"embeddable":true,"href":"https:\/\/woodx-supply.com\/index.php\/wp-json\/wp\/v2\/media\/16690"}],"wp:attachment":[{"href":"https:\/\/woodx-supply.com\/index.php\/wp-json\/wp\/v2\/media?parent=16589"}],"wp:term":[{"taxonomy":"product_brand","embeddable":true,"href":"https:\/\/woodx-supply.com\/index.php\/wp-json\/wp\/v2\/product_brand?post=16589"},{"taxonomy":"product_cat","embeddable":true,"href":"https:\/\/woodx-supply.com\/index.php\/wp-json\/wp\/v2\/product_cat?post=16589"},{"taxonomy":"product_tag","embeddable":true,"href":"https:\/\/woodx-supply.com\/index.php\/wp-json\/wp\/v2\/product_tag?post=16589"}],"curies":[{"name":"wp","href":"https:\/\/api.w.org\/{rel}","templated":true}]}}