{"id":16587,"date":"2025-12-10T01:21:40","date_gmt":"2025-12-10T00:21:40","guid":{"rendered":"https:\/\/woodx-supply.com\/?post_type=product&#038;p=16587"},"modified":"2025-12-10T01:22:06","modified_gmt":"2025-12-10T00:22:06","slug":"16587","status":"publish","type":"product","link":"https:\/\/woodx-supply.com\/index.php\/produit\/16587\/","title":{"rendered":""},"content":{"rendered":"<h1 class=\"h3 text-base lg:text-lg font-semibold mb-3\">Beschreibung<\/h1>\n<div class=\"product-description read-more-content max-lines-8 expanded\" data-initiated=\"true\" data-expandable=\"true\">Entdecke die Vorteile von Hainbuche! Die Hainbuche ist eine langsam wachsende Baumart, die zu einem harten Holz mit hervorragenden Brenneigenschaften f\u00fchrt. Wenn du gerne gem\u00fctliche Abende am Kamin genie\u00dft, ist die Hainbuche die ideale Wahl f\u00fcr dich. Was macht Hainbuchen-Kaminholz so besonders? Zun\u00e4chst einmal ist es bekannt f\u00fcr seine minimalen Funken und Spritzer, sodass du dir keine Sorgen \u00fcber unerw\u00fcnschte \u00dcberraschungen machen musst. Es l\u00e4sst sich auch leicht entz\u00fcnden und produziert wenig Rauch, sodass du eine saubere und sorglose Verbrennung genie\u00dfen kannst. Hainbuche \u00e4hnelt Buchenholz, da es schwer ist und langsam brennt. Die wundersch\u00f6ne wei\u00dfe Farbe der Hainbuche bildet einen sch\u00f6nen Kontrast zu ihrer dunklen Rinde, was nicht nur hervorragendes Brennholz ergibt, sondern auch visuell ansprechend ist. Zudem trocknet Hainbuche schnell, was es bei Holzheizern immer beliebter macht. Warum solltest du dich f\u00fcr Hainbuchen-Kaminholz entscheiden? F\u00fcr die begeisterten Holzheizer unter uns bietet die Hainbuche einige unverkennbare Vorteile. Dank der langsamen Verbrennung und der hohen W\u00e4rmeproduktion, sogar mehr als Eiche und Esche, ist die Hainbuche perfekt f\u00fcr gr\u00f6\u00dfere \u00d6fen und Kamine geeignet. Du wirst auch von dem wundersch\u00f6nen Flammenspiel verzaubert sein, das die Hainbuche erzeugt.<\/div>\n<div data-initiated=\"true\" data-expandable=\"true\">\n<h2 class=\"h3 text-black text-lg font-semibold leading-5 lg:text-[28px] lg:font-semibold lg:leading-8 mb-4\">Alle Spezifikationen<\/h2>\n<div id=\"product-attributes\">\n<table class=\"additional-attributes w-full text-xs md:text-sm border border-gray-300\">\n<tbody>\n<tr class=\"spec even:bg-[#F3F3F3]\">\n<td class=\"spec-label m-0 p-3 flex justify-between items-center\">SKU<\/td>\n<td class=\"spec-value p-3 text-right\">HA40100-33<\/td>\n<\/tr>\n<tr class=\"spec even:bg-[#F3F3F3]\">\n<td class=\"spec-label m-0 p-3 flex justify-between items-center\">Marke<\/td>\n<td class=\"spec-value p-3 text-right\">Eigenmarke<\/td>\n<\/tr>\n<tr class=\"spec even:bg-[#F3F3F3]\">\n<td class=\"spec-label m-0 p-3 flex justify-between items-center\">Afmeting (H x B x L)<\/td>\n<td class=\"spec-value p-3 text-right\">200 cm x 120 cm x 80 cm<\/td>\n<\/tr>\n<tr class=\"spec even:bg-[#F3F3F3]\">\n<td class=\"spec-label m-0 p-3 flex justify-between items-center\">H\u00f6he<\/td>\n<td class=\"spec-value p-3 text-right\">200 cm<\/td>\n<\/tr>\n<tr class=\"spec even:bg-[#F3F3F3]\">\n<td class=\"spec-label m-0 p-3 flex justify-between items-center\">Breedte (cm)<\/td>\n<td class=\"spec-value p-3 text-right\">120 cm<\/td>\n<\/tr>\n<tr class=\"spec even:bg-[#F3F3F3]\">\n<td class=\"spec-label m-0 p-3 flex justify-between items-center\">L\u00e4nge<\/td>\n<td class=\"spec-value p-3 text-right\">80 cm<\/td>\n<\/tr>\n<tr class=\"spec even:bg-[#F3F3F3]\">\n<td class=\"spec-label m-0 p-3 flex justify-between items-center\">Gewicht<\/td>\n<td class=\"spec-value p-3 text-right\">900 kg<\/td>\n<\/tr>\n<tr class=\"spec even:bg-[#F3F3F3]\">\n<td class=\"spec-label m-0 p-3 flex justify-between items-center\">Soort<\/td>\n<td class=\"spec-value p-3 text-right\">Brennholz Hain<\/td>\n<\/tr>\n<tr class=\"spec even:bg-[#F3F3F3]\">\n<td class=\"spec-label m-0 p-3 flex justify-between items-center\">Restfeuchte<\/td>\n<td class=\"spec-value p-3 text-right\">&lt;20%<\/td>\n<\/tr>\n<tr class=\"spec even:bg-[#F3F3F3]\">\n<td class=\"spec-label m-0 p-3 flex justify-between items-center\">Scheitl\u00e4nge<\/td>\n<td class=\"spec-value p-3 text-right\">33 cm<\/td>\n<\/tr>\n<tr class=\"spec even:bg-[#F3F3F3]\">\n<td class=\"spec-label m-0 p-3 flex justify-between items-center\">Abschnitt<\/td>\n<td class=\"spec-value p-3 text-right\">6-10 cm<\/td>\n<\/tr>\n<\/tbody>\n<\/table>\n<\/div>\n<\/div>\n<div data-initiated=\"true\" data-expandable=\"true\"><\/div>\n","protected":false},"excerpt":{"rendered":"<p>Beschreibung Entdecke die Vorteile von Hainbuche! Die Hainbuche ist eine langsam wachsende Baumart, die zu einem harten Holz mit hervorragenden<\/p>\n","protected":false},"featured_media":16674,"comment_status":"open","ping_status":"closed","template":"","meta":[],"product_brand":[],"product_cat":[228],"product_tag":[],"class_list":{"0":"post-16587","1":"product","2":"type-product","3":"status-publish","4":"has-post-thumbnail","6":"product_cat-hainbuche-brennholz","8":"first","9":"instock","10":"shipping-taxable","11":"purchasable","12":"product-type-simple"},"jetpack_sharing_enabled":true,"_links":{"self":[{"href":"https:\/\/woodx-supply.com\/index.php\/wp-json\/wp\/v2\/product\/16587","targetHints":{"allow":["GET"]}}],"collection":[{"href":"https:\/\/woodx-supply.com\/index.php\/wp-json\/wp\/v2\/product"}],"about":[{"href":"https:\/\/woodx-supply.com\/index.php\/wp-json\/wp\/v2\/types\/product"}],"replies":[{"embeddable":true,"href":"https:\/\/woodx-supply.com\/index.php\/wp-json\/wp\/v2\/comments?post=16587"}],"version-history":[{"count":1,"href":"https:\/\/woodx-supply.com\/index.php\/wp-json\/wp\/v2\/product\/16587\/revisions"}],"predecessor-version":[{"id":16680,"href":"https:\/\/woodx-supply.com\/index.php\/wp-json\/wp\/v2\/product\/16587\/revisions\/16680"}],"wp:featuredmedia":[{"embeddable":true,"href":"https:\/\/woodx-supply.com\/index.php\/wp-json\/wp\/v2\/media\/16674"}],"wp:attachment":[{"href":"https:\/\/woodx-supply.com\/index.php\/wp-json\/wp\/v2\/media?parent=16587"}],"wp:term":[{"taxonomy":"product_brand","embeddable":true,"href":"https:\/\/woodx-supply.com\/index.php\/wp-json\/wp\/v2\/product_brand?post=16587"},{"taxonomy":"product_cat","embeddable":true,"href":"https:\/\/woodx-supply.com\/index.php\/wp-json\/wp\/v2\/product_cat?post=16587"},{"taxonomy":"product_tag","embeddable":true,"href":"https:\/\/woodx-supply.com\/index.php\/wp-json\/wp\/v2\/product_tag?post=16587"}],"curies":[{"name":"wp","href":"https:\/\/api.w.org\/{rel}","templated":true}]}}