{"id":16586,"date":"2025-12-10T01:21:40","date_gmt":"2025-12-10T00:21:40","guid":{"rendered":"https:\/\/woodx-supply.com\/?post_type=product&#038;p=16586"},"modified":"2025-12-10T01:22:00","modified_gmt":"2025-12-10T00:22:00","slug":"palette-kammergetrocknetes-gespalten-hainbuche-brennholz-25cm","status":"publish","type":"product","link":"https:\/\/woodx-supply.com\/index.php\/produit\/palette-kammergetrocknetes-gespalten-hainbuche-brennholz-25cm\/","title":{"rendered":"Palette kammergetrocknetes gespalten Hainbuche Brennholz 25cm"},"content":{"rendered":"<div class=\"h3 text-base lg:text-lg font-semibold mb-3\">Beschreibung<\/div>\n<div class=\"product-description read-more-content max-lines-8 expanded\" data-initiated=\"true\" data-expandable=\"true\">\n<div data-content-type=\"row\" data-appearance=\"contained\" data-element=\"main\">\n<div data-enable-parallax=\"0\" data-parallax-speed=\"0.5\" data-background-images=\"{}\" data-background-type=\"image\" data-video-loop=\"true\" data-video-play-only-visible=\"true\" data-video-lazy-load=\"true\" data-video-fallback-src=\"\" data-element=\"inner\" data-pb-style=\"ORPYVHJ\">\n<div data-content-type=\"text\" data-appearance=\"default\" data-element=\"main\">\n<p>Entdecke die Vorteile von Hainbuche! Die Hainbuche ist eine langsam wachsende Baumart, die zu einem harten Holz mit hervorragenden Brenneigenschaften f\u00fchrt. Wenn du gerne gem\u00fctliche Abende am Kamin genie\u00dft, ist die Hainbuche die ideale Wahl f\u00fcr dich.<\/p>\n<p>Was macht Hainbuchen-Kaminholz so besonders? Zun\u00e4chst einmal ist es bekannt f\u00fcr seine minimalen Funken und Spritzer, sodass du dir keine Sorgen \u00fcber unerw\u00fcnschte \u00dcberraschungen machen musst. Es l\u00e4sst sich auch leicht entz\u00fcnden und produziert wenig Rauch, sodass du eine saubere und sorglose Verbrennung genie\u00dfen kannst.<\/p>\n<p>Hainbuche \u00e4hnelt Buchenholz, da es schwer ist und langsam brennt. Die wundersch\u00f6ne wei\u00dfe Farbe der Hainbuche bildet einen sch\u00f6nen Kontrast zu ihrer dunklen Rinde, was nicht nur hervorragendes Brennholz ergibt, sondern auch visuell ansprechend ist. Zudem trocknet Hainbuche schnell, was es bei Holzheizern immer beliebter macht.<\/p>\n<p>Warum solltest du dich f\u00fcr Hainbuchen-Kaminholz entscheiden? F\u00fcr die begeisterten Holzheizer unter uns bietet die Hainbuche einige unverkennbare Vorteile. Dank der langsamen Verbrennung und der hohen W\u00e4rmeproduktion, sogar mehr als Eiche und Esche, ist die Hainbuche perfekt f\u00fcr gr\u00f6\u00dfere \u00d6fen und Kamine geeignet. Du wirst auch von dem wundersch\u00f6nen Flammenspiel verzaubert sein, das die Hainbuche erzeugt.<\/p>\n<p>Um das Anz\u00fcnden deines Ofens oder Kamins noch einfacher zu machen, bieten wir auch hochwertiges\u00a0Anz\u00fcndholz und Anz\u00fcndw\u00fcrfel\u00a0an. Mit diesen praktischen Erg\u00e4nzungen ist das Entfachen deines Feuers ein Kinderspiel, sodass du schnell die W\u00e4rme und Atmosph\u00e4re genie\u00dfen kannst, die das Holz zu bieten hat. W\u00e4hle noch heute die gem\u00fctliche W\u00e4rme der Hainbuche, die ordentlich gestapelt in einer Holzkiste zu dir nach Hause geliefert wird.<\/p>\n<\/div>\n<div class=\"h3 text-black text-lg font-semibold leading-5 lg:text-[28px] lg:font-semibold lg:leading-8 mb-4\">Alle Spezifikationen<\/div>\n<div id=\"product-attributes\">\n<table class=\"additional-attributes w-full text-xs md:text-sm border border-gray-300\">\n<tbody>\n<tr class=\"spec even:bg-[#F3F3F3]\">\n<td class=\"spec-label m-0 p-3 flex justify-between items-center\">SKU<\/td>\n<td class=\"spec-value p-3 text-right\">HA40100<\/td>\n<\/tr>\n<tr class=\"spec even:bg-[#F3F3F3]\">\n<td class=\"spec-label m-0 p-3 flex justify-between items-center\">Marke<\/td>\n<td class=\"spec-value p-3 text-right\">Eigenmarke<\/td>\n<\/tr>\n<tr class=\"spec even:bg-[#F3F3F3]\">\n<td class=\"spec-label m-0 p-3 flex justify-between items-center\">Afmeting (H x B x L)<\/td>\n<td class=\"spec-value p-3 text-right\">125 cm x 85 cm x 200 cm<\/td>\n<\/tr>\n<tr class=\"spec even:bg-[#F3F3F3]\">\n<td class=\"spec-label m-0 p-3 flex justify-between items-center\">H\u00f6he<\/td>\n<td class=\"spec-value p-3 text-right\">200 cm<\/td>\n<\/tr>\n<tr class=\"spec even:bg-[#F3F3F3]\">\n<td class=\"spec-label m-0 p-3 flex justify-between items-center\">Breedte (cm)<\/td>\n<td class=\"spec-value p-3 text-right\">112 cm<\/td>\n<\/tr>\n<tr class=\"spec even:bg-[#F3F3F3]\">\n<td class=\"spec-label m-0 p-3 flex justify-between items-center\">L\u00e4nge<\/td>\n<td class=\"spec-value p-3 text-right\">80 cm<\/td>\n<\/tr>\n<tr class=\"spec even:bg-[#F3F3F3]\">\n<td class=\"spec-label m-0 p-3 flex justify-between items-center\">Gewicht<\/td>\n<td class=\"spec-value p-3 text-right\">800<\/td>\n<\/tr>\n<tr class=\"spec even:bg-[#F3F3F3]\">\n<td class=\"spec-label m-0 p-3 flex justify-between items-center\">Soort<\/td>\n<td class=\"spec-value p-3 text-right\">Brennholz Hain<\/td>\n<\/tr>\n<tr class=\"spec even:bg-[#F3F3F3]\">\n<td class=\"spec-label m-0 p-3 flex justify-between items-center\">Restfeuchte<\/td>\n<td class=\"spec-value p-3 text-right\">&lt;20%<\/td>\n<\/tr>\n<tr class=\"spec even:bg-[#F3F3F3]\">\n<td class=\"spec-label m-0 p-3 flex justify-between items-center\">Scheitl\u00e4nge<\/td>\n<td class=\"spec-value p-3 text-right\">25 cm<\/td>\n<\/tr>\n<tr class=\"spec even:bg-[#F3F3F3]\">\n<td class=\"spec-label m-0 p-3 flex justify-between items-center\">Abschnitt<\/td>\n<td class=\"spec-value p-3 text-right\">8 bis 14cm<\/td>\n<\/tr>\n<\/tbody>\n<\/table>\n<\/div>\n<\/div>\n<\/div>\n<\/div>\n","protected":false},"excerpt":{"rendered":"<p>Beschreibung Entdecke die Vorteile von Hainbuche! Die Hainbuche ist eine langsam wachsende Baumart, die zu einem harten Holz mit hervorragenden<\/p>\n","protected":false},"featured_media":16674,"comment_status":"open","ping_status":"closed","template":"","meta":[],"product_brand":[],"product_cat":[228],"product_tag":[],"class_list":{"0":"post-16586","1":"product","2":"type-product","3":"status-publish","4":"has-post-thumbnail","6":"product_cat-hainbuche-brennholz","8":"first","9":"instock","10":"shipping-taxable","11":"purchasable","12":"product-type-simple"},"jetpack_sharing_enabled":true,"_links":{"self":[{"href":"https:\/\/woodx-supply.com\/index.php\/wp-json\/wp\/v2\/product\/16586","targetHints":{"allow":["GET"]}}],"collection":[{"href":"https:\/\/woodx-supply.com\/index.php\/wp-json\/wp\/v2\/product"}],"about":[{"href":"https:\/\/woodx-supply.com\/index.php\/wp-json\/wp\/v2\/types\/product"}],"replies":[{"embeddable":true,"href":"https:\/\/woodx-supply.com\/index.php\/wp-json\/wp\/v2\/comments?post=16586"}],"version-history":[{"count":1,"href":"https:\/\/woodx-supply.com\/index.php\/wp-json\/wp\/v2\/product\/16586\/revisions"}],"predecessor-version":[{"id":16675,"href":"https:\/\/woodx-supply.com\/index.php\/wp-json\/wp\/v2\/product\/16586\/revisions\/16675"}],"wp:featuredmedia":[{"embeddable":true,"href":"https:\/\/woodx-supply.com\/index.php\/wp-json\/wp\/v2\/media\/16674"}],"wp:attachment":[{"href":"https:\/\/woodx-supply.com\/index.php\/wp-json\/wp\/v2\/media?parent=16586"}],"wp:term":[{"taxonomy":"product_brand","embeddable":true,"href":"https:\/\/woodx-supply.com\/index.php\/wp-json\/wp\/v2\/product_brand?post=16586"},{"taxonomy":"product_cat","embeddable":true,"href":"https:\/\/woodx-supply.com\/index.php\/wp-json\/wp\/v2\/product_cat?post=16586"},{"taxonomy":"product_tag","embeddable":true,"href":"https:\/\/woodx-supply.com\/index.php\/wp-json\/wp\/v2\/product_tag?post=16586"}],"curies":[{"name":"wp","href":"https:\/\/api.w.org\/{rel}","templated":true}]}}