{"id":16585,"date":"2025-12-10T01:21:39","date_gmt":"2025-12-10T00:21:39","guid":{"rendered":"https:\/\/woodx-supply.com\/?post_type=product&#038;p=16585"},"modified":"2025-12-10T01:21:59","modified_gmt":"2025-12-10T00:21:59","slug":"halbe-palette-kammergetrocknetes-gespalten-hainbuche-brennholz-25cm","status":"publish","type":"product","link":"https:\/\/woodx-supply.com\/index.php\/produit\/halbe-palette-kammergetrocknetes-gespalten-hainbuche-brennholz-25cm\/","title":{"rendered":"Halbe palette kammergetrocknetes gespalten Hainbuche Brennholz 25cm"},"content":{"rendered":"<div class=\"h3 text-base lg:text-lg font-semibold mb-3\">Beschreibung<\/div>\n<div class=\"product-description read-more-content max-lines-8 expanded\" data-initiated=\"true\" data-expandable=\"true\">Dann entdecken Sie die Vorteile von Hainbuchenbrennholz! Die Hainbuche ist eine langsam wachsende Baumart, die ein hartes Holz mit ausgezeichneten Sch\u00fcreigenschaften ergibt. Wenn Sie gerne gem\u00fctliche Abende vor dem Kamin verbringen, ist Hainbuche die ideale Wahl f\u00fcr Sie. Was macht das Brennholz der Hainbuche so besonders? Zun\u00e4chst einmal ist es daf\u00fcr bekannt, dass es kaum Funken und Spritzer gibt, so dass Sie keine ungewollten \u00dcberraschungen bef\u00fcrchten m\u00fcssen. Au\u00dferdem ist es leicht anzuz\u00fcnden und erzeugt wenig Rauch, so dass Sie eine saubere und sorgenfreie Verbrennung genie\u00dfen k\u00f6nnen. Hainbuche \u00e4hnelt dem Buchenholz insofern, als es schwer ist und langsam brennt. Die sch\u00f6ne wei\u00dfe Farbe der Hainbuche steht in sch\u00f6nem Kontrast zu ihrer dunklen Rinde, die nicht nur ein gutes Brennholz ergibt, sondern auch optisch ansprechend ist. Au\u00dferdem trocknet die Hainbuche schnell, was sie bei Holzbrennern immer beliebter macht. Warum sollten Sie sich f\u00fcr Hainbuchenbrennholz entscheiden? F\u00fcr die passionierten Brenner unter uns bietet die Hainbuche einige unbestreitbare Vorteile. Dank der langsamen Verbrennung und der hohen W\u00e4rmeproduktion, die sogar noch \u00fcber der von Eiche und Esche liegt, eignet sich die Hainbuche hervorragend f\u00fcr gr\u00f6\u00dfere \u00d6fen und Kamine. Au\u00dferdem werden Sie von dem sch\u00f6nen Flammenbild der Hainbuche begeistert sein. Wichtig! Der Durchmesser des Brennholzes ist korrekt (8-14 cm), aber die Holzst\u00fccke sind im Allgemeinen schmaler.<\/div>\n<div data-initiated=\"true\" data-expandable=\"true\"><\/div>\n<div data-initiated=\"true\" data-expandable=\"true\">\n<div class=\"h3 text-black text-lg font-semibold leading-5 lg:text-[28px] lg:font-semibold lg:leading-8 mb-4\">Alle Spezifikationen<\/div>\n<div id=\"product-attributes\">\n<table class=\"additional-attributes w-full text-xs md:text-sm border border-gray-300\">\n<tbody>\n<tr class=\"spec even:bg-[#F3F3F3]\">\n<td class=\"spec-label m-0 p-3 flex justify-between items-center\">SKU<\/td>\n<td class=\"spec-value p-3 text-right\">HB10100<\/td>\n<\/tr>\n<tr class=\"spec even:bg-[#F3F3F3]\">\n<td class=\"spec-label m-0 p-3 flex justify-between items-center\">Marke<\/td>\n<td class=\"spec-value p-3 text-right\">Eigenmarke<\/td>\n<\/tr>\n<tr class=\"spec even:bg-[#F3F3F3]\">\n<td class=\"spec-label m-0 p-3 flex justify-between items-center\">Afmeting (H x B x L)<\/td>\n<td class=\"spec-value p-3 text-right\">120 cm x 120 cm x 80 cm<\/td>\n<\/tr>\n<tr class=\"spec even:bg-[#F3F3F3]\">\n<td class=\"spec-label m-0 p-3 flex justify-between items-center\">H\u00f6he<\/td>\n<td class=\"spec-value p-3 text-right\">120 cm<\/td>\n<\/tr>\n<tr class=\"spec even:bg-[#F3F3F3]\">\n<td class=\"spec-label m-0 p-3 flex justify-between items-center\">Breedte (cm)<\/td>\n<td class=\"spec-value p-3 text-right\">120 cm<\/td>\n<\/tr>\n<tr class=\"spec even:bg-[#F3F3F3]\">\n<td class=\"spec-label m-0 p-3 flex justify-between items-center\">L\u00e4nge<\/td>\n<td class=\"spec-value p-3 text-right\">80 cm<\/td>\n<\/tr>\n<tr class=\"spec even:bg-[#F3F3F3]\">\n<td class=\"spec-label m-0 p-3 flex justify-between items-center\">Gewicht<\/td>\n<td class=\"spec-value p-3 text-right\">450 kg<\/td>\n<\/tr>\n<tr class=\"spec even:bg-[#F3F3F3]\">\n<td class=\"spec-label m-0 p-3 flex justify-between items-center\">Soort<\/td>\n<td class=\"spec-value p-3 text-right\">Brennholz Hain<\/td>\n<\/tr>\n<tr class=\"spec even:bg-[#F3F3F3]\">\n<td class=\"spec-label m-0 p-3 flex justify-between items-center\">Restfeuchte<\/td>\n<td class=\"spec-value p-3 text-right\">&lt; 20%<\/td>\n<\/tr>\n<tr class=\"spec even:bg-[#F3F3F3]\">\n<td class=\"spec-label m-0 p-3 flex justify-between items-center\">Scheitl\u00e4nge<\/td>\n<td class=\"spec-value p-3 text-right\">25 cm<\/td>\n<\/tr>\n<tr class=\"spec even:bg-[#F3F3F3]\">\n<td class=\"spec-label m-0 p-3 flex justify-between items-center\">Abschnitt<\/td>\n<td class=\"spec-value p-3 text-right\">6-10cm<\/td>\n<\/tr>\n<\/tbody>\n<\/table>\n<\/div>\n<\/div>\n","protected":false},"excerpt":{"rendered":"<p>Beschreibung Dann entdecken Sie die Vorteile von Hainbuchenbrennholz! Die Hainbuche ist eine langsam wachsende Baumart, die ein hartes Holz mit<\/p>\n","protected":false},"featured_media":16669,"comment_status":"open","ping_status":"closed","template":"","meta":[],"product_brand":[],"product_cat":[228],"product_tag":[],"class_list":{"0":"post-16585","1":"product","2":"type-product","3":"status-publish","4":"has-post-thumbnail","6":"product_cat-hainbuche-brennholz","8":"first","9":"instock","10":"shipping-taxable","11":"purchasable","12":"product-type-simple"},"jetpack_sharing_enabled":true,"_links":{"self":[{"href":"https:\/\/woodx-supply.com\/index.php\/wp-json\/wp\/v2\/product\/16585","targetHints":{"allow":["GET"]}}],"collection":[{"href":"https:\/\/woodx-supply.com\/index.php\/wp-json\/wp\/v2\/product"}],"about":[{"href":"https:\/\/woodx-supply.com\/index.php\/wp-json\/wp\/v2\/types\/product"}],"replies":[{"embeddable":true,"href":"https:\/\/woodx-supply.com\/index.php\/wp-json\/wp\/v2\/comments?post=16585"}],"version-history":[{"count":1,"href":"https:\/\/woodx-supply.com\/index.php\/wp-json\/wp\/v2\/product\/16585\/revisions"}],"predecessor-version":[{"id":16670,"href":"https:\/\/woodx-supply.com\/index.php\/wp-json\/wp\/v2\/product\/16585\/revisions\/16670"}],"wp:featuredmedia":[{"embeddable":true,"href":"https:\/\/woodx-supply.com\/index.php\/wp-json\/wp\/v2\/media\/16669"}],"wp:attachment":[{"href":"https:\/\/woodx-supply.com\/index.php\/wp-json\/wp\/v2\/media?parent=16585"}],"wp:term":[{"taxonomy":"product_brand","embeddable":true,"href":"https:\/\/woodx-supply.com\/index.php\/wp-json\/wp\/v2\/product_brand?post=16585"},{"taxonomy":"product_cat","embeddable":true,"href":"https:\/\/woodx-supply.com\/index.php\/wp-json\/wp\/v2\/product_cat?post=16585"},{"taxonomy":"product_tag","embeddable":true,"href":"https:\/\/woodx-supply.com\/index.php\/wp-json\/wp\/v2\/product_tag?post=16585"}],"curies":[{"name":"wp","href":"https:\/\/api.w.org\/{rel}","templated":true}]}}