{"id":16583,"date":"2025-12-10T01:21:39","date_gmt":"2025-12-10T00:21:39","guid":{"rendered":"https:\/\/woodx-supply.com\/?post_type=product&#038;p=16583"},"modified":"2025-12-10T01:21:57","modified_gmt":"2025-12-10T00:21:57","slug":"alle-spezifikationen-sku-bu20100-40-marke-eigenmarke-verpackung-200-cm-x-100-cm-x-80-cm-hoehe-200-cm-breite-100-cm-laenge-80-cm-gewicht-900-kg-brennholz-arten-brennholz-buchen-restfeuchte-20-scheitl","status":"publish","type":"product","link":"https:\/\/woodx-supply.com\/index.php\/produit\/alle-spezifikationen-sku-bu20100-40-marke-eigenmarke-verpackung-200-cm-x-100-cm-x-80-cm-hoehe-200-cm-breite-100-cm-laenge-80-cm-gewicht-900-kg-brennholz-arten-brennholz-buchen-restfeuchte-20-scheitl\/","title":{"rendered":"Alle Spezifikationen SKU BU20100-40 Marke Eigenmarke Verpackung 200 cm x 100 cm x 80 cm H\u00f6he 200 cm Breite 100 cm L\u00e4nge 80 cm Gewicht 900 kg Brennholz Arten Brennholz Buchen Restfeuchte < 20% Scheitl\u00e4nge 30 cm Abschnitt 8 t\/m 15 cm"},"content":{"rendered":"<div class=\"h3 text-base lg:text-lg font-semibold mb-3\">Beschreibung<\/div>\n<div class=\"product-description read-more-content max-lines-8\" data-initiated=\"true\">\n<p>Beschreibung: Knistert kaum, produziert viel W\u00e4rme und verbrennt langsam. Sehr geeignet als Holz f\u00fcr Kamine sowie \u00d6fen.<\/p>\n<div class=\"h3 text-black text-lg font-semibold leading-5 lg:text-[28px] lg:font-semibold lg:leading-8 mb-4\">Alle Spezifikationen<\/div>\n<div id=\"product-attributes\">\n<table class=\"additional-attributes w-full text-xs md:text-sm border border-gray-300\">\n<tbody>\n<tr class=\"spec even:bg-[#F3F3F3]\">\n<td class=\"spec-label m-0 p-3 flex justify-between items-center\">SKU<\/td>\n<td class=\"spec-value p-3 text-right\">BU20100<\/td>\n<\/tr>\n<tr class=\"spec even:bg-[#F3F3F3]\">\n<td class=\"spec-label m-0 p-3 flex justify-between items-center\">Marke<\/td>\n<td class=\"spec-value p-3 text-right\">Eigenmarke<\/td>\n<\/tr>\n<tr class=\"spec even:bg-[#F3F3F3]\">\n<td class=\"spec-label m-0 p-3 flex justify-between items-center\">Afmeting (H x B x L)<\/td>\n<td class=\"spec-value p-3 text-right\">180 cm x 120 cm x 80 cm<\/td>\n<\/tr>\n<tr class=\"spec even:bg-[#F3F3F3]\">\n<td class=\"spec-label m-0 p-3 flex justify-between items-center\">H\u00f6he<\/td>\n<td class=\"spec-value p-3 text-right\">180 cm<\/td>\n<\/tr>\n<tr class=\"spec even:bg-[#F3F3F3]\">\n<td class=\"spec-label m-0 p-3 flex justify-between items-center\">Breedte (cm)<\/td>\n<td class=\"spec-value p-3 text-right\">120 cm<\/td>\n<\/tr>\n<tr class=\"spec even:bg-[#F3F3F3]\">\n<td class=\"spec-label m-0 p-3 flex justify-between items-center\">L\u00e4nge<\/td>\n<td class=\"spec-value p-3 text-right\">80 cm<\/td>\n<\/tr>\n<tr class=\"spec even:bg-[#F3F3F3]\">\n<td class=\"spec-label m-0 p-3 flex justify-between items-center\">Gewicht<\/td>\n<td class=\"spec-value p-3 text-right\">900 kg<\/td>\n<\/tr>\n<tr class=\"spec even:bg-[#F3F3F3]\">\n<td class=\"spec-label m-0 p-3 flex justify-between items-center\">Soort<\/td>\n<td class=\"spec-value p-3 text-right\">Brennholz Buchen<\/td>\n<\/tr>\n<tr class=\"spec even:bg-[#F3F3F3]\">\n<td class=\"spec-label m-0 p-3 flex justify-between items-center\">Restfeuchte<\/td>\n<td class=\"spec-value p-3 text-right\">&lt; 20%<\/td>\n<\/tr>\n<tr class=\"spec even:bg-[#F3F3F3]\">\n<td class=\"spec-label m-0 p-3 flex justify-between items-center\">Scheitl\u00e4nge<\/td>\n<td class=\"spec-value p-3 text-right\">25cm<\/td>\n<\/tr>\n<tr class=\"spec even:bg-[#F3F3F3]\">\n<td class=\"spec-label m-0 p-3 flex justify-between items-center\">Abschnitt<\/td>\n<td class=\"spec-value p-3 text-right\">8 t\/m 15 cm<\/td>\n<\/tr>\n<\/tbody>\n<\/table>\n<\/div>\n<\/div>\n","protected":false},"excerpt":{"rendered":"<p>Beschreibung Beschreibung: Knistert kaum, produziert viel W\u00e4rme und verbrennt langsam. Sehr geeignet als Holz f\u00fcr Kamine sowie \u00d6fen. Alle Spezifikationen<\/p>\n","protected":false},"featured_media":16659,"comment_status":"open","ping_status":"closed","template":"","meta":[],"product_brand":[],"product_cat":[227],"product_tag":[],"class_list":{"0":"post-16583","1":"product","2":"type-product","3":"status-publish","4":"has-post-thumbnail","6":"product_cat-buche-brennholz","8":"first","9":"instock","10":"shipping-taxable","11":"purchasable","12":"product-type-simple"},"jetpack_sharing_enabled":true,"_links":{"self":[{"href":"https:\/\/woodx-supply.com\/index.php\/wp-json\/wp\/v2\/product\/16583","targetHints":{"allow":["GET"]}}],"collection":[{"href":"https:\/\/woodx-supply.com\/index.php\/wp-json\/wp\/v2\/product"}],"about":[{"href":"https:\/\/woodx-supply.com\/index.php\/wp-json\/wp\/v2\/types\/product"}],"replies":[{"embeddable":true,"href":"https:\/\/woodx-supply.com\/index.php\/wp-json\/wp\/v2\/comments?post=16583"}],"version-history":[{"count":1,"href":"https:\/\/woodx-supply.com\/index.php\/wp-json\/wp\/v2\/product\/16583\/revisions"}],"predecessor-version":[{"id":16660,"href":"https:\/\/woodx-supply.com\/index.php\/wp-json\/wp\/v2\/product\/16583\/revisions\/16660"}],"wp:featuredmedia":[{"embeddable":true,"href":"https:\/\/woodx-supply.com\/index.php\/wp-json\/wp\/v2\/media\/16659"}],"wp:attachment":[{"href":"https:\/\/woodx-supply.com\/index.php\/wp-json\/wp\/v2\/media?parent=16583"}],"wp:term":[{"taxonomy":"product_brand","embeddable":true,"href":"https:\/\/woodx-supply.com\/index.php\/wp-json\/wp\/v2\/product_brand?post=16583"},{"taxonomy":"product_cat","embeddable":true,"href":"https:\/\/woodx-supply.com\/index.php\/wp-json\/wp\/v2\/product_cat?post=16583"},{"taxonomy":"product_tag","embeddable":true,"href":"https:\/\/woodx-supply.com\/index.php\/wp-json\/wp\/v2\/product_tag?post=16583"}],"curies":[{"name":"wp","href":"https:\/\/api.w.org\/{rel}","templated":true}]}}