{"id":16577,"date":"2025-12-10T01:21:37","date_gmt":"2025-12-10T00:21:37","guid":{"rendered":"https:\/\/woodx-supply.com\/?post_type=product&#038;p=16577"},"modified":"2025-12-10T01:28:04","modified_gmt":"2025-12-10T00:28:04","slug":"brennholz-eschen","status":"publish","type":"product","link":"https:\/\/woodx-supply.com\/index.php\/produit\/brennholz-eschen\/","title":{"rendered":"Brennholz Eschen"},"content":{"rendered":"<h1 class=\"h3 text-base lg:text-lg font-semibold mb-3\">Beschreibung<\/h1>\n<div class=\"product-description read-more-content max-lines-8 expanded\" data-initiated=\"true\" data-expandable=\"true\">\n<div data-content-type=\"row\" data-appearance=\"contained\" data-element=\"main\">\n<div data-enable-parallax=\"0\" data-parallax-speed=\"0.5\" data-background-images=\"{}\" data-background-type=\"image\" data-video-loop=\"true\" data-video-play-only-visible=\"true\" data-video-lazy-load=\"true\" data-video-fallback-src=\"\" data-element=\"inner\" data-pb-style=\"RO2FE4M\">\n<div data-content-type=\"text\" data-appearance=\"default\" data-element=\"main\">\n<p id=\"T59BRUY\">Lernen Sie das fantastische Eschenholz kennen, das in seinen Eigenschaften dem Brennholz von Eiken \u00e4hnlich ist. Eschenholz ist ebenso hart und bietet eine langsame und zuverl\u00e4ssige Verbrennung, die stundenlange W\u00e4rme und Behaglichkeit garantiert.<\/p>\n<\/div>\n<div data-content-type=\"text\" data-appearance=\"default\" data-element=\"main\">\n<p id=\"WLIRR3T\">Was macht Eschenholz so besonders? Einer der Vorteile von Eschenholz ist, dass es frei von S\u00e4uren ist, was zu einer ruhigen Flamme und absolut keinen spr\u00fchenden Funken f\u00fchrt. So k\u00f6nnen Sie das Feuer unbeschwert genie\u00dfen, ohne unangenehme \u00dcberraschungen bef\u00fcrchten zu m\u00fcssen.<\/p>\n<\/div>\n<div data-content-type=\"text\" data-appearance=\"default\" data-element=\"main\">\n<p id=\"SAK6YTH\">Gut getrocknetes Eschenholz ist auch optisch ein Genuss. Die Scheite haben ein sch\u00f6nes Aussehen und bieten einen attraktiven Anblick in Ihrem Kamin oder Ofen. Au\u00dferdem l\u00e4sst sich Eschenholz leicht anz\u00fcnden und bietet eine saubere Verbrennung ohne \u00fcberm\u00e4\u00dfigen Rauch.<\/p>\n<\/div>\n<div data-content-type=\"text\" data-appearance=\"default\" data-element=\"main\">\n<p id=\"TSCQFAY\">Brennholz aus Eschenholz hat auch einen au\u00dfergew\u00f6hnlich hohen Wirkungsgrad. Um das Feuer m\u00fchelos zu entfachen, empfehlen wir die Verwendung von Anz\u00fcndholz und Feueranz\u00fcndern. Entscheiden Sie sich noch heute f\u00fcr die behagliche W\u00e4rme von Eschenholz, das Ihnen dicht gestapelt in einer Holzkiste nach Hause geliefert wird.<\/p>\n<\/div>\n<div data-content-type=\"text\" data-appearance=\"default\" data-element=\"main\">\n<p id=\"DSIXJDJ\">Vervollst\u00e4ndigen Sie Ihr Feuererlebnis mit Eschenholz und entdecken Sie das perfekte Gleichgewicht zwischen Effizienz und \u00c4sthetik. Genie\u00dfen Sie eine warme, saubere und stimmungsvolle Verbrennung mit Eschenholz, der idealen Wahl f\u00fcr anspruchsvolle Holzbrenner. Entscheiden Sie sich f\u00fcr Qualit\u00e4t und lassen Sie das Feuer brennen!<\/p>\n<\/div>\n<h2 class=\"h3 text-black text-lg font-semibold leading-5 lg:text-[28px] lg:font-semibold lg:leading-8 mb-4\">Alle Spezifikationen<\/h2>\n<div id=\"product-attributes\">\n<table class=\"additional-attributes w-full text-xs md:text-sm border border-gray-300\">\n<tbody>\n<tr class=\"spec even:bg-[#F3F3F3]\">\n<td class=\"spec-label m-0 p-3 flex justify-between items-center\">SKU<\/td>\n<td class=\"spec-value p-3 text-right\">ES11000<\/td>\n<\/tr>\n<tr class=\"spec even:bg-[#F3F3F3]\">\n<td class=\"spec-label m-0 p-3 flex justify-between items-center\">Marke<\/td>\n<td class=\"spec-value p-3 text-right\">Eigenmarke<\/td>\n<\/tr>\n<tr class=\"spec even:bg-[#F3F3F3]\">\n<td class=\"spec-label m-0 p-3 flex justify-between items-center\">Verpackung<\/td>\n<td class=\"spec-value p-3 text-right\">120 cm x 85 cm x 100 cm<\/td>\n<\/tr>\n<tr class=\"spec even:bg-[#F3F3F3]\">\n<td class=\"spec-label m-0 p-3 flex justify-between items-center\">H\u00f6he<\/td>\n<td class=\"spec-value p-3 text-right\">120 cm<\/td>\n<\/tr>\n<tr class=\"spec even:bg-[#F3F3F3]\">\n<td class=\"spec-label m-0 p-3 flex justify-between items-center\">Breite<\/td>\n<td class=\"spec-value p-3 text-right\">120 cm<\/td>\n<\/tr>\n<tr class=\"spec even:bg-[#F3F3F3]\">\n<td class=\"spec-label m-0 p-3 flex justify-between items-center\">L\u00e4nge<\/td>\n<td class=\"spec-value p-3 text-right\">80 cm<\/td>\n<\/tr>\n<tr class=\"spec even:bg-[#F3F3F3]\">\n<td class=\"spec-label m-0 p-3 flex justify-between items-center\">Gewicht<\/td>\n<td class=\"spec-value p-3 text-right\">385 kg<\/td>\n<\/tr>\n<tr class=\"spec even:bg-[#F3F3F3]\">\n<td class=\"spec-label m-0 p-3 flex justify-between items-center\">Inhalt<\/td>\n<td class=\"spec-value p-3 text-right\">0,9 RM<\/td>\n<\/tr>\n<tr class=\"spec even:bg-[#F3F3F3]\">\n<td class=\"spec-label m-0 p-3 flex justify-between items-center\">Einzelheiten<\/td>\n<td class=\"spec-value p-3 text-right\">Wenn es nach unseren Kunden geht, ist dies das Beste Kaminholz<\/td>\n<\/tr>\n<tr class=\"spec even:bg-[#F3F3F3]\">\n<td class=\"spec-label m-0 p-3 flex justify-between items-center\">Restfeuchte<\/td>\n<td class=\"spec-value p-3 text-right\">&lt; 20%<\/td>\n<\/tr>\n<tr class=\"spec even:bg-[#F3F3F3]\">\n<td class=\"spec-label m-0 p-3 flex justify-between items-center\">Scheitl\u00e4nge<\/td>\n<td class=\"spec-value p-3 text-right\">25 cm<\/td>\n<\/tr>\n<tr class=\"spec even:bg-[#F3F3F3]\">\n<td class=\"spec-label m-0 p-3 flex justify-between items-center\">Abschnitt<\/td>\n<td class=\"spec-value p-3 text-right\">8 bis 12 cm<\/td>\n<\/tr>\n<\/tbody>\n<\/table>\n<\/div>\n<\/div>\n<\/div>\n<\/div>\n","protected":false},"excerpt":{"rendered":"<p>Beschreibung Lernen Sie das fantastische Eschenholz kennen, das in seinen Eigenschaften dem Brennholz von Eiken \u00e4hnlich ist. Eschenholz ist ebenso<\/p>\n","protected":false},"featured_media":16627,"comment_status":"open","ping_status":"closed","template":"","meta":[],"product_brand":[],"product_cat":[225],"product_tag":[],"class_list":{"0":"post-16577","1":"product","2":"type-product","3":"status-publish","4":"has-post-thumbnail","6":"product_cat-esche-brennholz","8":"first","9":"instock","10":"shipping-taxable","11":"purchasable","12":"product-type-simple"},"jetpack_sharing_enabled":true,"_links":{"self":[{"href":"https:\/\/woodx-supply.com\/index.php\/wp-json\/wp\/v2\/product\/16577","targetHints":{"allow":["GET"]}}],"collection":[{"href":"https:\/\/woodx-supply.com\/index.php\/wp-json\/wp\/v2\/product"}],"about":[{"href":"https:\/\/woodx-supply.com\/index.php\/wp-json\/wp\/v2\/types\/product"}],"replies":[{"embeddable":true,"href":"https:\/\/woodx-supply.com\/index.php\/wp-json\/wp\/v2\/comments?post=16577"}],"version-history":[{"count":3,"href":"https:\/\/woodx-supply.com\/index.php\/wp-json\/wp\/v2\/product\/16577\/revisions"}],"predecessor-version":[{"id":16712,"href":"https:\/\/woodx-supply.com\/index.php\/wp-json\/wp\/v2\/product\/16577\/revisions\/16712"}],"wp:featuredmedia":[{"embeddable":true,"href":"https:\/\/woodx-supply.com\/index.php\/wp-json\/wp\/v2\/media\/16627"}],"wp:attachment":[{"href":"https:\/\/woodx-supply.com\/index.php\/wp-json\/wp\/v2\/media?parent=16577"}],"wp:term":[{"taxonomy":"product_brand","embeddable":true,"href":"https:\/\/woodx-supply.com\/index.php\/wp-json\/wp\/v2\/product_brand?post=16577"},{"taxonomy":"product_cat","embeddable":true,"href":"https:\/\/woodx-supply.com\/index.php\/wp-json\/wp\/v2\/product_cat?post=16577"},{"taxonomy":"product_tag","embeddable":true,"href":"https:\/\/woodx-supply.com\/index.php\/wp-json\/wp\/v2\/product_tag?post=16577"}],"curies":[{"name":"wp","href":"https:\/\/api.w.org\/{rel}","templated":true}]}}