{"id":15784,"date":"2025-11-20T14:45:30","date_gmt":"2025-11-20T13:45:30","guid":{"rendered":"https:\/\/woodx-supply.com\/?post_type=product&#038;p=15784"},"modified":"2025-11-20T14:45:30","modified_gmt":"2025-11-20T13:45:30","slug":"sandy-8-kw-lab-holzofen-deville","status":"publish","type":"product","link":"https:\/\/woodx-supply.com\/index.php\/produit\/sandy-8-kw-lab-holzofen-deville\/","title":{"rendered":"SANDY 8 kW \u2013 LAB \u2013 Holzofen DEVILLE"},"content":{"rendered":"<p>Leistung: 8 kW<br \/>\nLeistungsbereich: 5 bis 12 kW<br \/>\nHolzscheitgr\u00f6\u00dfe: 53 cm<br \/>\nHeizfl\u00e4che: 40 bis 100 m\u00b3<br \/>\nWirkungsgrad: 77 %<br \/>\nGr\u00fcne Flamme 7 Sterne<\/p>\n","protected":false},"excerpt":{"rendered":"<p>Leistung: 8 kW Leistungsbereich: 5 bis 12 kW Holzscheitgr\u00f6\u00dfe: 53 cm Heizfl\u00e4che: 40 bis 100 m\u00b3 Wirkungsgrad: 77 % Gr\u00fcne<\/p>\n","protected":false},"featured_media":15786,"comment_status":"open","ping_status":"closed","template":"","meta":[],"product_brand":[],"product_cat":[72],"product_tag":[],"class_list":{"0":"post-15784","1":"product","2":"type-product","3":"status-publish","4":"has-post-thumbnail","6":"product_cat-holzofen","8":"first","9":"instock","10":"sale","11":"shipping-taxable","12":"purchasable","13":"product-type-simple"},"jetpack_sharing_enabled":true,"_links":{"self":[{"href":"https:\/\/woodx-supply.com\/index.php\/wp-json\/wp\/v2\/product\/15784","targetHints":{"allow":["GET"]}}],"collection":[{"href":"https:\/\/woodx-supply.com\/index.php\/wp-json\/wp\/v2\/product"}],"about":[{"href":"https:\/\/woodx-supply.com\/index.php\/wp-json\/wp\/v2\/types\/product"}],"replies":[{"embeddable":true,"href":"https:\/\/woodx-supply.com\/index.php\/wp-json\/wp\/v2\/comments?post=15784"}],"version-history":[{"count":1,"href":"https:\/\/woodx-supply.com\/index.php\/wp-json\/wp\/v2\/product\/15784\/revisions"}],"predecessor-version":[{"id":15787,"href":"https:\/\/woodx-supply.com\/index.php\/wp-json\/wp\/v2\/product\/15784\/revisions\/15787"}],"wp:featuredmedia":[{"embeddable":true,"href":"https:\/\/woodx-supply.com\/index.php\/wp-json\/wp\/v2\/media\/15786"}],"wp:attachment":[{"href":"https:\/\/woodx-supply.com\/index.php\/wp-json\/wp\/v2\/media?parent=15784"}],"wp:term":[{"taxonomy":"product_brand","embeddable":true,"href":"https:\/\/woodx-supply.com\/index.php\/wp-json\/wp\/v2\/product_brand?post=15784"},{"taxonomy":"product_cat","embeddable":true,"href":"https:\/\/woodx-supply.com\/index.php\/wp-json\/wp\/v2\/product_cat?post=15784"},{"taxonomy":"product_tag","embeddable":true,"href":"https:\/\/woodx-supply.com\/index.php\/wp-json\/wp\/v2\/product_tag?post=15784"}],"curies":[{"name":"wp","href":"https:\/\/api.w.org\/{rel}","templated":true}]}}