{"id":15722,"date":"2025-11-20T13:01:19","date_gmt":"2025-11-20T12:01:19","guid":{"rendered":"https:\/\/woodx-supply.com\/?post_type=product&#038;p=15722"},"modified":"2025-11-20T13:01:19","modified_gmt":"2025-11-20T12:01:19","slug":"orense-8-kw-holzofen-deville","status":"publish","type":"product","link":"https:\/\/woodx-supply.com\/index.php\/produit\/orense-8-kw-holzofen-deville\/","title":{"rendered":"ORENSE 8 kW \u2013 Holzofen DEVILLE"},"content":{"rendered":"<p>Leistung: 8 kW<br \/>\nLeistungsbereich: 5 bis 12 kW<br \/>\nRT2020-kompatibles, wasserdichtes Ger\u00e4t<br \/>\nHolzscheitgr\u00f6\u00dfe: 38 cm<br \/>\nHeizfl\u00e4che: 40 bis 100 m\u00b3<br \/>\nWirkungsgrad: 75 %<br \/>\nGr\u00fcne 7-Sterne-Flamme<\/p>\n","protected":false},"excerpt":{"rendered":"<p>Leistung: 8 kW Leistungsbereich: 5 bis 12 kW RT2020-kompatibles, wasserdichtes Ger\u00e4t Holzscheitgr\u00f6\u00dfe: 38 cm Heizfl\u00e4che: 40 bis 100 m\u00b3 Wirkungsgrad:<\/p>\n","protected":false},"featured_media":15723,"comment_status":"open","ping_status":"closed","template":"","meta":[],"product_brand":[],"product_cat":[72],"product_tag":[],"class_list":{"0":"post-15722","1":"product","2":"type-product","3":"status-publish","4":"has-post-thumbnail","6":"product_cat-holzofen","8":"first","9":"instock","10":"sale","11":"shipping-taxable","12":"purchasable","13":"product-type-simple"},"jetpack_sharing_enabled":true,"_links":{"self":[{"href":"https:\/\/woodx-supply.com\/index.php\/wp-json\/wp\/v2\/product\/15722","targetHints":{"allow":["GET"]}}],"collection":[{"href":"https:\/\/woodx-supply.com\/index.php\/wp-json\/wp\/v2\/product"}],"about":[{"href":"https:\/\/woodx-supply.com\/index.php\/wp-json\/wp\/v2\/types\/product"}],"replies":[{"embeddable":true,"href":"https:\/\/woodx-supply.com\/index.php\/wp-json\/wp\/v2\/comments?post=15722"}],"version-history":[{"count":1,"href":"https:\/\/woodx-supply.com\/index.php\/wp-json\/wp\/v2\/product\/15722\/revisions"}],"predecessor-version":[{"id":15726,"href":"https:\/\/woodx-supply.com\/index.php\/wp-json\/wp\/v2\/product\/15722\/revisions\/15726"}],"wp:featuredmedia":[{"embeddable":true,"href":"https:\/\/woodx-supply.com\/index.php\/wp-json\/wp\/v2\/media\/15723"}],"wp:attachment":[{"href":"https:\/\/woodx-supply.com\/index.php\/wp-json\/wp\/v2\/media?parent=15722"}],"wp:term":[{"taxonomy":"product_brand","embeddable":true,"href":"https:\/\/woodx-supply.com\/index.php\/wp-json\/wp\/v2\/product_brand?post=15722"},{"taxonomy":"product_cat","embeddable":true,"href":"https:\/\/woodx-supply.com\/index.php\/wp-json\/wp\/v2\/product_cat?post=15722"},{"taxonomy":"product_tag","embeddable":true,"href":"https:\/\/woodx-supply.com\/index.php\/wp-json\/wp\/v2\/product_tag?post=15722"}],"curies":[{"name":"wp","href":"https:\/\/api.w.org\/{rel}","templated":true}]}}