{"id":3,"date":"2025-11-20T04:15:56","date_gmt":"2025-11-20T03:15:56","guid":{"rendered":"https:\/\/woodx-supply.com\/?page_id=3"},"modified":"2025-11-23T16:40:05","modified_gmt":"2025-11-23T15:40:05","slug":"datenschutzerklaerung","status":"publish","type":"page","link":"https:\/\/woodx-supply.com\/index.php\/datenschutzerklaerung\/","title":{"rendered":"Datenschutzerkl\u00e4rung"},"content":{"rendered":"\t\t<div data-elementor-type=\"wp-page\" data-elementor-id=\"3\" class=\"elementor elementor-3\">\n\t\t\t\t<div class=\"wd-negative-gap elementor-element elementor-element-630e0f69 e-flex e-con-boxed e-con e-parent\" data-id=\"630e0f69\" data-element_type=\"container\" data-e-type=\"container\">\n\t\t\t\t\t<div class=\"e-con-inner\">\n\t\t\t\t<div class=\"elementor-element elementor-element-5d5542dc color-scheme-inherit text-left elementor-widget elementor-widget-text-editor\" data-id=\"5d5542dc\" data-element_type=\"widget\" data-e-type=\"widget\" data-widget_type=\"text-editor.default\">\n\t\t\t\t\t\t\t\t\t<h1 data-start=\"190\" data-end=\"218\"><strong data-start=\"192\" data-end=\"216\">Datenschutzerkl\u00e4rung<\/strong><\/h1>\n<p data-start=\"219\" data-end=\"235\"><strong data-start=\"219\" data-end=\"235\">WoodX Supply<\/strong><\/p>\n<p data-start=\"237\" data-end=\"278\">Letzte Aktualisierung: <i>14\/06\/2025<\/i><\/p>\n<p data-start=\"237\" data-end=\"278\">Der Schutz Ihrer personenbezogenen Daten ist uns sehr wichtig. In dieser Datenschutzerkl\u00e4rung erl\u00e4utern wir, welche Daten wir erheben, wie wir diese verwenden und welche Rechte Sie gem\u00e4\u00df der <strong data-start=\"471\" data-end=\"510\">Datenschutz-Grundverordnung (DSGVO)<\/strong> haben.<\/p>\n<hr data-start=\"519\" data-end=\"522\" \/>\n<h2 data-start=\"524\" data-end=\"550\"><strong data-start=\"527\" data-end=\"550\">1. Verantwortlicher<\/strong><\/h2>\n<p data-start=\"551\" data-end=\"639\"><strong data-start=\"551\" data-end=\"567\">WoodX Supply<\/strong><br data-start=\"567\" data-end=\"570\" \/>E-Mail: <strong data-start=\"578\" data-end=\"606\"><a class=\"decorated-link cursor-pointer\" rel=\"noopener\" data-start=\"580\" data-end=\"604\">Kontakt@woodx-supply.com<\/a><\/strong><br data-start=\"606\" data-end=\"609\" \/>Telefon: <strong data-start=\"618\" data-end=\"639\">+49 1 634 559 005<\/strong><\/p>\n<hr data-start=\"641\" data-end=\"644\" \/>\n<h2 data-start=\"646\" data-end=\"687\"><strong data-start=\"649\" data-end=\"687\">2. Erhobene personenbezogene Daten<\/strong><\/h2>\n<h3 data-start=\"689\" data-end=\"743\"><strong data-start=\"693\" data-end=\"743\">2.1. Bei einer Bestellung oder Kontoerstellung<\/strong><\/h3>\n<ul data-start=\"744\" data-end=\"922\">\n<li data-start=\"744\" data-end=\"765\">\n<p data-start=\"746\" data-end=\"765\">Vor- und Nachname<\/p>\n<\/li>\n<li data-start=\"766\" data-end=\"798\">\n<p data-start=\"768\" data-end=\"798\">Rechnungs- und Lieferadresse<\/p>\n<\/li>\n<li data-start=\"799\" data-end=\"817\">\n<p data-start=\"801\" data-end=\"817\">E-Mail-Adresse<\/p>\n<\/li>\n<li data-start=\"818\" data-end=\"835\">\n<p data-start=\"820\" data-end=\"835\">Telefonnummer<\/p>\n<\/li>\n<li data-start=\"836\" data-end=\"852\">\n<p data-start=\"838\" data-end=\"852\">Bestelldaten<\/p>\n<\/li>\n<li data-start=\"853\" data-end=\"922\">\n<p data-start=\"855\" data-end=\"922\">Zahlungsinformationen (wir speichern keine vollst\u00e4ndigen Bankdaten)<\/p>\n<\/li>\n<\/ul>\n<h3 data-start=\"924\" data-end=\"964\"><strong data-start=\"928\" data-end=\"964\">2.2. Beim Besuch unserer Website<\/strong><\/h3>\n<ul data-start=\"965\" data-end=\"1081\">\n<li data-start=\"965\" data-end=\"979\">\n<p data-start=\"967\" data-end=\"979\">IP-Adresse<\/p>\n<\/li>\n<li data-start=\"980\" data-end=\"1017\">\n<p data-start=\"982\" data-end=\"1017\">Cookies (siehe Abschnitt Cookies)<\/p>\n<\/li>\n<li data-start=\"1018\" data-end=\"1081\">\n<p data-start=\"1020\" data-end=\"1081\">Nutzungsdaten (besuchte Seiten, Interaktionen, Sitzungsdauer)<\/p>\n<\/li>\n<\/ul>\n<h3 data-start=\"1083\" data-end=\"1121\"><strong data-start=\"1087\" data-end=\"1121\">2.3. Bei einer Kontaktaufnahme<\/strong><\/h3>\n<ul data-start=\"1122\" data-end=\"1192\">\n<li data-start=\"1122\" data-end=\"1148\">\n<p data-start=\"1124\" data-end=\"1148\">Name (falls angegeben)<\/p>\n<\/li>\n<li data-start=\"1149\" data-end=\"1167\">\n<p data-start=\"1151\" data-end=\"1167\">E-Mail-Adresse<\/p>\n<\/li>\n<li data-start=\"1168\" data-end=\"1192\">\n<p data-start=\"1170\" data-end=\"1192\">Inhalt Ihrer Nachricht<\/p>\n<\/li>\n<\/ul>\n<hr data-start=\"1194\" data-end=\"1197\" \/>\n<h2 data-start=\"1199\" data-end=\"1237\"><strong data-start=\"1202\" data-end=\"1237\">3. Zwecke der Datenverarbeitung<\/strong><\/h2>\n<p data-start=\"1238\" data-end=\"1285\">Wir verarbeiten Ihre Daten f\u00fcr folgende Zwecke:<\/p>\n<ul data-start=\"1287\" data-end=\"1618\">\n<li data-start=\"1287\" data-end=\"1334\">\n<p data-start=\"1289\" data-end=\"1334\">Bearbeitung und Abwicklung von Bestellungen<\/p>\n<\/li>\n<li data-start=\"1335\" data-end=\"1367\">\n<p data-start=\"1337\" data-end=\"1367\">Versand und Lieferabwicklung<\/p>\n<\/li>\n<li data-start=\"1368\" data-end=\"1427\">\n<p data-start=\"1370\" data-end=\"1427\">Versand von Bestellbest\u00e4tigungen und Benachrichtigungen<\/p>\n<\/li>\n<li data-start=\"1428\" data-end=\"1475\">\n<p data-start=\"1430\" data-end=\"1475\">Kundenservice und Beantwortung von Anfragen<\/p>\n<\/li>\n<li data-start=\"1476\" data-end=\"1526\">\n<p data-start=\"1478\" data-end=\"1526\">Verbesserung der Website und Benutzererfahrung<\/p>\n<\/li>\n<li data-start=\"1527\" data-end=\"1563\">\n<p data-start=\"1529\" data-end=\"1563\">Sicherheit und Betrugspr\u00e4vention<\/p>\n<\/li>\n<li data-start=\"1564\" data-end=\"1618\">\n<p data-start=\"1566\" data-end=\"1618\">Erf\u00fcllung gesetzlicher Pflichten (z. B. Buchhaltung)<\/p>\n<\/li>\n<\/ul>\n<hr data-start=\"1620\" data-end=\"1623\" \/>\n<h2 data-start=\"1625\" data-end=\"1651\"><strong data-start=\"1628\" data-end=\"1651\">4. Rechtsgrundlagen<\/strong><\/h2>\n<p data-start=\"1652\" data-end=\"1691\">Die Verarbeitung erfolgt auf Basis von:<\/p>\n<ul data-start=\"1693\" data-end=\"1940\">\n<li data-start=\"1693\" data-end=\"1747\">\n<p data-start=\"1695\" data-end=\"1747\"><strong data-start=\"1695\" data-end=\"1725\">Art. 6 Abs. 1 lit. b DSGVO<\/strong> \u2013 Vertragserf\u00fcllung<\/p>\n<\/li>\n<li data-start=\"1748\" data-end=\"1817\">\n<p data-start=\"1750\" data-end=\"1817\"><strong data-start=\"1750\" data-end=\"1780\">Art. 6 Abs. 1 lit. a DSGVO<\/strong> \u2013 Einwilligung (z. B. f\u00fcr Cookies)<\/p>\n<\/li>\n<li data-start=\"1818\" data-end=\"1877\">\n<p data-start=\"1820\" data-end=\"1877\"><strong data-start=\"1820\" data-end=\"1850\">Art. 6 Abs. 1 lit. f DSGVO<\/strong> \u2013 Berechtigtes Interesse<\/p>\n<\/li>\n<li data-start=\"1878\" data-end=\"1940\">\n<p data-start=\"1880\" data-end=\"1940\"><strong data-start=\"1880\" data-end=\"1910\">Art. 6 Abs. 1 lit. c DSGVO<\/strong> \u2013 Gesetzliche Verpflichtung<\/p>\n<\/li>\n<\/ul>\n<hr data-start=\"1942\" data-end=\"1945\" \/>\n<h2 data-start=\"1947\" data-end=\"1977\"><strong data-start=\"1950\" data-end=\"1977\">5. Weitergabe von Daten<\/strong><\/h2>\n<p data-start=\"1978\" data-end=\"2020\">Ihre Daten k\u00f6nnen weitergegeben werden an:<\/p>\n<ul data-start=\"2022\" data-end=\"2220\">\n<li data-start=\"2022\" data-end=\"2047\">\n<p data-start=\"2024\" data-end=\"2047\">Zahlungsdienstleister<\/p>\n<\/li>\n<li data-start=\"2048\" data-end=\"2080\">\n<p data-start=\"2050\" data-end=\"2080\">Versand- und Logistikpartner<\/p>\n<\/li>\n<li data-start=\"2081\" data-end=\"2101\">\n<p data-start=\"2083\" data-end=\"2101\">Hosting-Anbieter<\/p>\n<\/li>\n<li data-start=\"2102\" data-end=\"2177\">\n<p data-start=\"2104\" data-end=\"2177\">Analyse- und Tracking-Dienste (z. B. Google Analytics, falls aktiviert)<\/p>\n<\/li>\n<li data-start=\"2178\" data-end=\"2220\">\n<p data-start=\"2180\" data-end=\"2220\">WordPress- und WooCommerce-Dienstleister<\/p>\n<\/li>\n<\/ul>\n<p data-start=\"2222\" data-end=\"2270\">Wir verkaufen <strong data-start=\"2236\" data-end=\"2245\">keine<\/strong> personenbezogenen Daten.<\/p>\n<hr data-start=\"2272\" data-end=\"2275\" \/>\n<h2 data-start=\"2277\" data-end=\"2300\"><strong data-start=\"2280\" data-end=\"2300\">6. Speicherdauer<\/strong><\/h2>\n<ul data-start=\"2301\" data-end=\"2482\">\n<li data-start=\"2301\" data-end=\"2359\">\n<p data-start=\"2303\" data-end=\"2359\">Bestelldaten: <strong data-start=\"2317\" data-end=\"2329\">10 Jahre<\/strong> (gesetzliche Verpflichtung)<\/p>\n<\/li>\n<li data-start=\"2360\" data-end=\"2410\">\n<p data-start=\"2362\" data-end=\"2410\">Kundenkonto: bis zur L\u00f6schung durch den Nutzer<\/p>\n<\/li>\n<li data-start=\"2411\" data-end=\"2452\">\n<p data-start=\"2413\" data-end=\"2452\">Cookies: <strong data-start=\"2422\" data-end=\"2437\">6\u201324 Monate<\/strong>, je nach Art<\/p>\n<\/li>\n<li data-start=\"2453\" data-end=\"2482\">\n<p data-start=\"2455\" data-end=\"2482\">Kontaktanfragen: <strong data-start=\"2472\" data-end=\"2482\">1 Jahr<\/strong><\/p>\n<\/li>\n<\/ul>\n<hr data-start=\"2484\" data-end=\"2487\" \/>\n<h2 data-start=\"2489\" data-end=\"2522\"><strong data-start=\"2492\" data-end=\"2522\">7. Ihre Rechte gem\u00e4\u00df DSGVO<\/strong><\/h2>\n<p data-start=\"2523\" data-end=\"2547\">Sie haben das Recht auf:<\/p>\n<ul data-start=\"2549\" data-end=\"2834\">\n<li data-start=\"2549\" data-end=\"2595\">\n<p data-start=\"2551\" data-end=\"2595\"><strong data-start=\"2551\" data-end=\"2563\">Auskunft<\/strong> \u00fcber Ihre gespeicherten Daten<\/p>\n<\/li>\n<li data-start=\"2596\" data-end=\"2634\">\n<p data-start=\"2598\" data-end=\"2634\"><strong data-start=\"2598\" data-end=\"2614\">Berichtigung<\/strong> unrichtiger Daten<\/p>\n<\/li>\n<li data-start=\"2635\" data-end=\"2681\">\n<p data-start=\"2637\" data-end=\"2681\"><strong data-start=\"2637\" data-end=\"2649\">L\u00f6schung<\/strong> (\u201eRecht auf Vergessenwerden\u201c)<\/p>\n<\/li>\n<li data-start=\"2682\" data-end=\"2720\">\n<p data-start=\"2684\" data-end=\"2720\"><strong data-start=\"2684\" data-end=\"2701\">Einschr\u00e4nkung<\/strong> der Verarbeitung<\/p>\n<\/li>\n<li data-start=\"2721\" data-end=\"2763\">\n<p data-start=\"2723\" data-end=\"2763\"><strong data-start=\"2723\" data-end=\"2738\">Widerspruch<\/strong> gegen die Verarbeitung<\/p>\n<\/li>\n<li data-start=\"2764\" data-end=\"2792\">\n<p data-start=\"2766\" data-end=\"2792\"><strong data-start=\"2766\" data-end=\"2790\">Daten\u00fcbertragbarkeit<\/strong><\/p>\n<\/li>\n<li data-start=\"2793\" data-end=\"2834\">\n<p data-start=\"2795\" data-end=\"2834\"><strong data-start=\"2795\" data-end=\"2807\">Widerruf<\/strong> erteilter Einwilligungen<\/p>\n<\/li>\n<\/ul>\n<p data-start=\"2836\" data-end=\"2904\">Kontakt zur Aus\u00fcbung Ihrer Rechte:<br data-start=\"2870\" data-end=\"2873\" \/>\ud83d\udce9 <strong data-start=\"2876\" data-end=\"2904\"><a class=\"decorated-link cursor-pointer\" rel=\"noopener\" data-start=\"2878\" data-end=\"2902\">Kontakt@woodx-supply.com<\/a><\/strong><\/p>\n<hr data-start=\"2906\" data-end=\"2909\" \/>\n<h2 data-start=\"2911\" data-end=\"2936\"><strong data-start=\"2914\" data-end=\"2936\">8. Datensicherheit<\/strong><\/h2>\n<p data-start=\"2937\" data-end=\"3037\">Wir treffen alle notwendigen technischen und organisatorischen Ma\u00dfnahmen, um Ihre Daten zu sch\u00fctzen:<\/p>\n<ul data-start=\"3039\" data-end=\"3158\">\n<li data-start=\"3039\" data-end=\"3062\">\n<p data-start=\"3041\" data-end=\"3062\">SSL-Verschl\u00fcsselung<\/p>\n<\/li>\n<li data-start=\"3063\" data-end=\"3096\">\n<p data-start=\"3065\" data-end=\"3096\">Schutz vor unbefugtem Zugriff<\/p>\n<\/li>\n<li data-start=\"3097\" data-end=\"3136\">\n<p data-start=\"3099\" data-end=\"3136\">Sicherheits- und Antispam-Ma\u00dfnahmen<\/p>\n<\/li>\n<li data-start=\"3137\" data-end=\"3158\">\n<p data-start=\"3139\" data-end=\"3158\">Regelm\u00e4\u00dfige Backups<\/p>\n<\/li>\n<\/ul>\n<hr data-start=\"3160\" data-end=\"3163\" \/>\n<h2 data-start=\"3165\" data-end=\"3182\"><strong data-start=\"3168\" data-end=\"3182\">9. Cookies<\/strong><\/h2>\n<p data-start=\"3183\" data-end=\"3220\">Unsere Website verwendet Cookies f\u00fcr:<\/p>\n<ul data-start=\"3222\" data-end=\"3354\">\n<li data-start=\"3222\" data-end=\"3280\">\n<p data-start=\"3224\" data-end=\"3280\">Grundfunktionalit\u00e4ten (z. B. Warenkorb in WooCommerce)<\/p>\n<\/li>\n<li data-start=\"3281\" data-end=\"3313\">\n<p data-start=\"3283\" data-end=\"3313\">Analyse der Webseitennutzung<\/p>\n<\/li>\n<li data-start=\"3314\" data-end=\"3354\">\n<p data-start=\"3316\" data-end=\"3354\">Verbesserung des Benutzererlebnisses<\/p>\n<\/li>\n<\/ul>\n<p data-start=\"3356\" data-end=\"3430\">Sie k\u00f6nnen Cookies jederzeit in Ihrem Browser deaktivieren oder verwalten.<\/p>\n<hr data-start=\"3432\" data-end=\"3435\" \/>\n<h2 data-start=\"3437\" data-end=\"3474\"><strong data-start=\"3440\" data-end=\"3474\">10. Dienste von Drittanbietern<\/strong><\/h2>\n<p data-start=\"3475\" data-end=\"3519\">Wir k\u00f6nnen folgende Drittanbieter einsetzen:<\/p>\n<ul data-start=\"3521\" data-end=\"3608\">\n<li data-start=\"3521\" data-end=\"3541\">\n<p data-start=\"3523\" data-end=\"3541\">Google Analytics<\/p>\n<\/li>\n<li data-start=\"3542\" data-end=\"3574\">\n<p data-start=\"3544\" data-end=\"3574\">Zahlungs- und Versanddienste<\/p>\n<\/li>\n<li data-start=\"3575\" data-end=\"3608\">\n<p data-start=\"3577\" data-end=\"3608\">WordPress\/WooCommerce-Plugins<\/p>\n<\/li>\n<\/ul>\n<p data-start=\"3610\" data-end=\"3685\">Diese Dienste verarbeiten Daten gem\u00e4\u00df ihren eigenen Datenschutzrichtlinien.<\/p>\n<hr data-start=\"3687\" data-end=\"3690\" \/>\n<h2 data-start=\"3692\" data-end=\"3741\"><strong data-start=\"3695\" data-end=\"3741\">11. \u00c4nderungen dieser Datenschutzerkl\u00e4rung<\/strong><\/h2>\n<p data-start=\"3742\" data-end=\"3888\">Wir behalten uns vor, diese Datenschutzerkl\u00e4rung bei Bedarf zu aktualisieren.<br data-start=\"3819\" data-end=\"3822\" \/>Die jeweils aktuelle Version wird auf dieser Seite ver\u00f6ffentlicht.<\/p>\n<hr data-start=\"3890\" data-end=\"3893\" \/>\n<h2 data-start=\"3895\" data-end=\"3913\"><strong data-start=\"3898\" data-end=\"3913\">12. Kontakt<\/strong><\/h2>\n<p data-start=\"3914\" data-end=\"3997\">F\u00fcr Fragen zum Datenschutz oder zur Aus\u00fcbung Ihrer Rechte wenden Sie sich bitte an:<\/p>\n<p data-start=\"3999\" data-end=\"4057\">\ud83d\udce9 <strong data-start=\"4002\" data-end=\"4030\"><a class=\"decorated-link cursor-pointer\" rel=\"noopener\" data-start=\"4004\" data-end=\"4028\">Kontakt@woodx-supply.com<\/a><\/strong><br data-start=\"4030\" data-end=\"4033\" \/>\ud83d\udcde <strong data-start=\"4036\" data-end=\"4057\">+49 1 634 559 005<\/strong><\/p>\t\t\t\t\t\t\t\t<\/div>\n\t\t\t\t\t<\/div>\n\t\t\t\t<\/div>\n\t\t\t\t<\/div>\n\t\t","protected":false},"excerpt":{"rendered":"<p>Datenschutzerkl\u00e4rung WoodX Supply Letzte Aktualisierung: 14\/06\/2025 Der Schutz Ihrer personenbezogenen Daten ist uns sehr wichtig. In dieser Datenschutzerkl\u00e4rung erl\u00e4utern wir,<\/p>\n","protected":false},"author":1,"featured_media":0,"parent":0,"menu_order":0,"comment_status":"closed","ping_status":"closed","template":"elementor_header_footer","meta":{"footnotes":""},"class_list":["post-3","page","type-page","status-publish","hentry"],"jetpack_sharing_enabled":true,"_links":{"self":[{"href":"https:\/\/woodx-supply.com\/index.php\/wp-json\/wp\/v2\/pages\/3","targetHints":{"allow":["GET"]}}],"collection":[{"href":"https:\/\/woodx-supply.com\/index.php\/wp-json\/wp\/v2\/pages"}],"about":[{"href":"https:\/\/woodx-supply.com\/index.php\/wp-json\/wp\/v2\/types\/page"}],"author":[{"embeddable":true,"href":"https:\/\/woodx-supply.com\/index.php\/wp-json\/wp\/v2\/users\/1"}],"replies":[{"embeddable":true,"href":"https:\/\/woodx-supply.com\/index.php\/wp-json\/wp\/v2\/comments?post=3"}],"version-history":[{"count":12,"href":"https:\/\/woodx-supply.com\/index.php\/wp-json\/wp\/v2\/pages\/3\/revisions"}],"predecessor-version":[{"id":16363,"href":"https:\/\/woodx-supply.com\/index.php\/wp-json\/wp\/v2\/pages\/3\/revisions\/16363"}],"wp:attachment":[{"href":"https:\/\/woodx-supply.com\/index.php\/wp-json\/wp\/v2\/media?parent=3"}],"curies":[{"name":"wp","href":"https:\/\/api.w.org\/{rel}","templated":true}]}}