{"id":12,"date":"2025-11-23T16:41:16","date_gmt":"2025-11-23T15:41:16","guid":{"rendered":"https:\/\/woodx-supply.com\/?page_id=12"},"modified":"2025-11-23T16:46:45","modified_gmt":"2025-11-23T15:46:45","slug":"remboursements_retours","status":"publish","type":"page","link":"https:\/\/woodx-supply.com\/index.php\/remboursements_retours\/","title":{"rendered":"R\u00fcckgabe- und R\u00fcckerstattungsrichtlinie"},"content":{"rendered":"\t\t<div data-elementor-type=\"wp-page\" data-elementor-id=\"12\" class=\"elementor elementor-12\">\n\t\t\t\t<div class=\"wd-negative-gap elementor-element elementor-element-58d98c7b e-flex e-con-boxed e-con e-parent\" data-id=\"58d98c7b\" data-element_type=\"container\" data-e-type=\"container\">\n\t\t\t\t\t<div class=\"e-con-inner\">\n\t\t\t\t<div class=\"elementor-element elementor-element-e85271d color-scheme-inherit text-left elementor-widget elementor-widget-text-editor\" data-id=\"e85271d\" data-element_type=\"widget\" data-e-type=\"widget\" data-widget_type=\"text-editor.default\">\n\t\t\t\t\t\t\t\t\t<h1 data-start=\"140\" data-end=\"187\"><strong data-start=\"142\" data-end=\"185\">R\u00fcckgabe- und R\u00fcckerstattungsrichtlinie<\/strong><\/h1>\n<p data-start=\"188\" data-end=\"204\"><strong data-start=\"188\" data-end=\"204\">WoodX Supply<\/strong><\/p>\n<p data-start=\"206\" data-end=\"247\">Letzte Aktualisierung: <em data-start=\"229\" data-end=\"247\">12\/05\/2025<\/em><\/p>\n<p data-start=\"249\" data-end=\"449\">Wir m\u00f6chten, dass Sie mit Ihrem Einkauf bei WoodX Supply vollst\u00e4ndig zufrieden sind. Wenn dies einmal nicht der Fall sein sollte, finden Sie hier unsere Bedingungen f\u00fcr R\u00fcckgaben und R\u00fcckerstattungen.<\/p>\n<hr data-start=\"451\" data-end=\"454\" \/>\n<h2 data-start=\"456\" data-end=\"480\"><strong data-start=\"459\" data-end=\"480\">1. Widerrufsfrist<\/strong><\/h2>\n<p data-start=\"481\" data-end=\"604\">Sie haben das Recht, Ihre Bestellung innerhalb von <strong data-start=\"532\" data-end=\"544\">14 Tagen<\/strong> nach Erhalt der Ware ohne Angabe von Gr\u00fcnden zu widerrufen.<\/p>\n<hr data-start=\"606\" data-end=\"609\" \/>\n<h2 data-start=\"611\" data-end=\"646\"><strong data-start=\"614\" data-end=\"646\">2. Bedingungen f\u00fcr R\u00fcckgaben<\/strong><\/h2>\n<p data-start=\"647\" data-end=\"683\">Eine R\u00fcckgabe ist nur m\u00f6glich, wenn:<\/p>\n<ul data-start=\"685\" data-end=\"773\">\n<li data-start=\"685\" data-end=\"712\">\n<p data-start=\"687\" data-end=\"712\">die Ware <strong data-start=\"696\" data-end=\"709\">unbenutzt<\/strong>,<\/p>\n<\/li>\n<li data-start=\"713\" data-end=\"733\">\n<p data-start=\"715\" data-end=\"733\"><strong data-start=\"715\" data-end=\"731\">unbesch\u00e4digt<\/strong><\/p>\n<\/li>\n<li data-start=\"734\" data-end=\"773\">\n<p data-start=\"736\" data-end=\"773\">und in ihrem <strong data-start=\"749\" data-end=\"768\">Originalzustand<\/strong> ist.<\/p>\n<\/li>\n<\/ul>\n<p data-start=\"775\" data-end=\"894\">Artikel, die eindeutig personalisiert oder nach Kundenspezifikation gefertigt wurden, sind vom Widerruf ausgeschlossen.<\/p>\n<hr data-start=\"896\" data-end=\"899\" \/>\n<h2 data-start=\"901\" data-end=\"926\"><strong data-start=\"904\" data-end=\"926\">3. R\u00fccksendekosten<\/strong><\/h2>\n<ul data-start=\"927\" data-end=\"1085\">\n<li data-start=\"927\" data-end=\"978\">\n<p data-start=\"929\" data-end=\"978\">Die <strong data-start=\"933\" data-end=\"959\">Kosten der R\u00fccksendung<\/strong> tr\u00e4gt der Kunde.<\/p>\n<\/li>\n<li data-start=\"979\" data-end=\"1085\">\n<p data-start=\"981\" data-end=\"1085\">Bei besch\u00e4digten oder falsch gelieferten Artikeln \u00fcbernehmen wir selbstverst\u00e4ndlich die R\u00fccksendekosten.<\/p>\n<\/li>\n<\/ul>\n<hr data-start=\"1087\" data-end=\"1090\" \/>\n<h2 data-start=\"1092\" data-end=\"1116\"><strong data-start=\"1095\" data-end=\"1116\">4. R\u00fcckerstattung<\/strong><\/h2>\n<p data-start=\"1117\" data-end=\"1144\">Die R\u00fcckerstattung erfolgt:<\/p>\n<ul data-start=\"1146\" data-end=\"1323\">\n<li data-start=\"1146\" data-end=\"1218\">\n<p data-start=\"1148\" data-end=\"1218\">nachdem wir die zur\u00fcckgesendeten Artikel erhalten und gepr\u00fcft haben,<\/p>\n<\/li>\n<li data-start=\"1219\" data-end=\"1250\">\n<p data-start=\"1221\" data-end=\"1250\">innerhalb von <strong data-start=\"1235\" data-end=\"1247\">14 Tagen<\/strong>,<\/p>\n<\/li>\n<li data-start=\"1251\" data-end=\"1323\">\n<p data-start=\"1253\" data-end=\"1323\">\u00fcber dieselbe Zahlungsmethode, die bei der Bestellung verwendet wurde.<\/p>\n<\/li>\n<\/ul>\n<hr data-start=\"1325\" data-end=\"1328\" \/>\n<h2 data-start=\"1330\" data-end=\"1372\"><strong data-start=\"1333\" data-end=\"1372\">5. Vorgehensweise f\u00fcr eine R\u00fcckgabe<\/strong><\/h2>\n<p data-start=\"1373\" data-end=\"1422\">Bitte kontaktieren Sie uns vor jeder R\u00fccksendung:<\/p>\n<p data-start=\"1424\" data-end=\"1482\">\ud83d\udce9 <strong data-start=\"1427\" data-end=\"1455\"><a class=\"decorated-link cursor-pointer\" rel=\"noopener\" data-start=\"1429\" data-end=\"1453\">Kontakt@woodx-supply.com<\/a><\/strong><br data-start=\"1455\" data-end=\"1458\" \/>\ud83d\udcde <strong data-start=\"1461\" data-end=\"1482\">+49 1 634 559 005<\/strong><\/p>\n<p data-start=\"1484\" data-end=\"1555\">Wir teilen Ihnen dann die R\u00fccksendeadresse und weitere Anweisungen mit.<\/p>\n<hr data-start=\"1557\" data-end=\"1560\" \/>\n<h2 data-start=\"1562\" data-end=\"1605\"><strong data-start=\"1565\" data-end=\"1605\">6. Besch\u00e4digte oder fehlerhafte Ware<\/strong><\/h2>\n<p data-start=\"1606\" data-end=\"1813\">Wenn Ihre Bestellung besch\u00e4digt oder fehlerhaft bei Ihnen ankommt, melden Sie sich bitte innerhalb von <strong data-start=\"1709\" data-end=\"1723\">48 Stunden<\/strong> nach Erhalt der Ware mit Fotos des Schadens.<br data-start=\"1768\" data-end=\"1771\" \/>Wir sorgen f\u00fcr Ersatz oder R\u00fcckerstattung.<\/p>\t\t\t\t\t\t\t\t<\/div>\n\t\t\t\t\t<\/div>\n\t\t\t\t<\/div>\n\t\t\t\t<\/div>\n\t\t","protected":false},"excerpt":{"rendered":"<p>R\u00fcckgabe- und R\u00fcckerstattungsrichtlinie WoodX Supply Letzte Aktualisierung: 12\/05\/2025 Wir m\u00f6chten, dass Sie mit Ihrem Einkauf bei WoodX Supply vollst\u00e4ndig zufrieden<\/p>\n","protected":false},"author":1,"featured_media":0,"parent":0,"menu_order":0,"comment_status":"closed","ping_status":"closed","template":"elementor_header_footer","meta":{"footnotes":""},"class_list":["post-12","page","type-page","status-publish","hentry"],"jetpack_sharing_enabled":true,"_links":{"self":[{"href":"https:\/\/woodx-supply.com\/index.php\/wp-json\/wp\/v2\/pages\/12","targetHints":{"allow":["GET"]}}],"collection":[{"href":"https:\/\/woodx-supply.com\/index.php\/wp-json\/wp\/v2\/pages"}],"about":[{"href":"https:\/\/woodx-supply.com\/index.php\/wp-json\/wp\/v2\/types\/page"}],"author":[{"embeddable":true,"href":"https:\/\/woodx-supply.com\/index.php\/wp-json\/wp\/v2\/users\/1"}],"replies":[{"embeddable":true,"href":"https:\/\/woodx-supply.com\/index.php\/wp-json\/wp\/v2\/comments?post=12"}],"version-history":[{"count":7,"href":"https:\/\/woodx-supply.com\/index.php\/wp-json\/wp\/v2\/pages\/12\/revisions"}],"predecessor-version":[{"id":16371,"href":"https:\/\/woodx-supply.com\/index.php\/wp-json\/wp\/v2\/pages\/12\/revisions\/16371"}],"wp:attachment":[{"href":"https:\/\/woodx-supply.com\/index.php\/wp-json\/wp\/v2\/media?parent=12"}],"curies":[{"name":"wp","href":"https:\/\/api.w.org\/{rel}","templated":true}]}}